{"id":6741,"date":"2023-11-24T10:12:29","date_gmt":"2023-11-24T10:12:29","guid":{"rendered":"https:\/\/staging.case.international\/?page_id=6741"},"modified":"2025-10-08T01:06:27","modified_gmt":"2025-10-08T01:06:27","slug":"careers","status":"publish","type":"page","link":"https:\/\/staging.case.international\/pt\/careers\/","title":{"rendered":"Carreiras"},"content":{"rendered":"","protected":false},"excerpt":{"rendered":"","protected":false},"author":20,"featured_media":7407,"parent":0,"menu_order":0,"comment_status":"closed","ping_status":"closed","template":"","meta":{"_acf_changed":false,"footnotes":""},"class_list":["post-6741","page","type-page","status-publish","has-post-thumbnail","hentry"],"acf":{"header_section":{"heading":"Careers","sub_heading":"Shape the future of infrastructure and engineering with us"},"our_people_section":{"title":"<span><span>Nosso<\/span> <span>pessoas<\/span><\/span> <span><span>s\u00e3o<\/span> <span>nosso<\/span> <span style=\"color: #f36f2b\">mais forte<\/span> <span style=\"color: #f36f2b\">pilar<\/span><\/span>","description":"We are on a trajectory of continued expansion, both in Australia and around the world. We invite engineers with a shared vision to be a part of our journey.\r\n\r\nOur people are our strongest pillar. Becoming a part of our team means joining a closely connected group of engineering experts who back each other in every endeavor.","button_name":"OPEN ROLES","button_link":{"title":"Carreiras","url":"https:\/\/staging.case.international\/available-positions\/","target":""}},"who_we_are_section":{"title":"Quem n\u00f3s <span>s\u00e3o<\/span>","description":"We pride ourselves on being a family-focused, engineering-led collective, facilitating significant infrastructure projects around the globe.\r\n\r\nKnown for our ability to advance stalled projects and navigate large-scale, complex initiatives, we tailor our solutions to meet the diverse needs of our clients in different regions of the world.\r\n\r\nThere when you need us, we have earned a strong reputation based on our technical expertise, and collaborative approach, making us a reliable partner in times of high demand and fluctuating workloads. Within the CaSE Group, we offer five specialist practice areas:","image":7247},"our_vision":{"title":"Nosso <span>Vis\u00e3o<\/span>","description":"Para capacitar nossos parceiros a moldar o futuro, inovar continuamente e promover colabora\u00e7\u00f5es que deixem um legado duradouro no dom\u00ednio da infraestrutura.","first_image":6783,"first_image_copy":7281},"our_people":{"title":"Nosso <span>Pessoas<\/span>","description":"The competence and resilience of our people serve as a backbone for the legacy we are building.\r\n\r\nEvery individual plays an essential role and is not just a face in the crowd, but a pivotal element in our shared success. All our CaSE engineers enjoy the thrill of solving complex problems on some of the world\u2019s biggest infrastructure projects, and we know you will too.\r\n\r\nVisit our Team page to learn more about the team you\u2019ll join forces with when you join the CaSE team.","first_image":7405,"second_image":7291,"button_name":"Learn more","button_link":{"title":"Nosso povo","url":"https:\/\/staging.case.international\/team","target":""}},"our_culture":{"title":"Nosso <span>Cultura<\/span>","description":"We tackle industry-leading projects with a team of professionals who leave a lasting impact on their projects and colleagues. Our team thrives on a culture rooted in collective admiration and cooperation, ensuring everyone collaborates to deliver unparalleled outcomes for both peers and partners.\r\n\r\nWe also love to make time to stop and celebrate our client and our team\u2019s success along the way.","first_image":7251,"second_image":7250},"our_projects":{"title":"Nosso <span>Projetos<\/span>","description":"Whether it's design, construction or traffic management, CaSE offers unparalleled expertise and support at every stage of the project lifecycle across multiple sectors such as Bridge, Rail, Road, Tunnel and Airport. We specialise in solving the most complex problems when others can't, making us a reliable partner in times of high demand and fluctuating workloads.\r\n\r\nVisit our Projects page here to learn more about the types of projects you will be working on when you join the CaSE team.","first_image":7121,"project_second_image":7282,"button_name":"Learn more","button_link":{"title":"Project Archive","url":"https:\/\/staging.case.international\/projects\/","target":""}},"our_benefit":{"title":"<span><span style=\"color: #fff\">Nosso<\/span><\/span> <span><span style=\"color: #f36f2b\">Benef\u00edcios<\/span><\/span>","content":"Nosso compromisso com o sucesso vai muito al\u00e9m das realiza\u00e7\u00f5es dos projetos \u2013 est\u00e1 no cerne do nosso investimento nas pessoas. Desde iniciativas de mentoria a oportunidades de aprendizagem cont\u00ednua, apoio \u00e0 sa\u00fade mental e medidas proativas para enfrentar os desafios econ\u00f3micos, o nosso foco na nossa equipa constitui a pedra angular da experi\u00eancia CaSE. Visite nossa p\u00e1gina de benef\u00edcios e conhe\u00e7a mais sobre nossas iniciativas.","button_name":"LEARN MORE","button_link":{"title":"Benef\u00edcios","url":"https:\/\/staging.case.international\/benefits\/","target":""}},"work_at_case":{"title":"<span><span style=\"color: #fff\">Trabalhar<\/span><\/span> <span><span style=\"color: #f36f2b\">no<\/span> <span style=\"color: #f36f2b\">Caso<\/span><\/span>","content":"Na CaSE, a diversidade n\u00e3o \u00e9 apenas aceita; \u00e9 comemorado. Como empregador que oferece oportunidades iguais, celebramos as diferen\u00e7as, reconhecendo as contribui\u00e7\u00f5es \u00fanicas da nossa for\u00e7a de trabalho global com mais de 20 nacionalidades. Nosso compromisso vai al\u00e9m da ret\u00f3rica, abrangendo iniciativas estrat\u00e9gicas, desde contrata\u00e7\u00f5es imparciais at\u00e9 programas educacionais personalizados e projetados. Nossa equipe conectada permanece na vanguarda por meio de atualiza\u00e7\u00f5es trimestrais, eventos do setor e parcerias estrat\u00e9gicas para garantir o crescimento profissional em um cen\u00e1rio de engenharia em constante evolu\u00e7\u00e3o.","button_nmae":"LEARN MORE","button_link":{"title":"O Grupo CASE","url":"https:\/\/staging.case.international\/the-case-group\/","target":""}}},"_links":{"self":[{"href":"https:\/\/staging.case.international\/pt\/wp-json\/wp\/v2\/pages\/6741","targetHints":{"allow":["GET"]}}],"collection":[{"href":"https:\/\/staging.case.international\/pt\/wp-json\/wp\/v2\/pages"}],"about":[{"href":"https:\/\/staging.case.international\/pt\/wp-json\/wp\/v2\/types\/page"}],"author":[{"embeddable":true,"href":"https:\/\/staging.case.international\/pt\/wp-json\/wp\/v2\/users\/20"}],"replies":[{"embeddable":true,"href":"https:\/\/staging.case.international\/pt\/wp-json\/wp\/v2\/comments?post=6741"}],"version-history":[{"count":95,"href":"https:\/\/staging.case.international\/pt\/wp-json\/wp\/v2\/pages\/6741\/revisions"}],"predecessor-version":[{"id":8703,"href":"https:\/\/staging.case.international\/pt\/wp-json\/wp\/v2\/pages\/6741\/revisions\/8703"}],"wp:featuredmedia":[{"embeddable":true,"href":"https:\/\/staging.case.international\/pt\/wp-json\/wp\/v2\/media\/7407"}],"wp:attachment":[{"href":"https:\/\/staging.case.international\/pt\/wp-json\/wp\/v2\/media?parent=6741"}],"curies":[{"name":"wp","href":"https:\/\/api.w.org\/{rel}","templated":true}]}}