{"id":6741,"date":"2023-11-24T10:12:29","date_gmt":"2023-11-24T10:12:29","guid":{"rendered":"https:\/\/staging.case.international\/?page_id=6741"},"modified":"2025-10-08T01:06:27","modified_gmt":"2025-10-08T01:06:27","slug":"careers","status":"publish","type":"page","link":"https:\/\/staging.case.international\/es\/careers\/","title":{"rendered":"Carreras"},"content":{"rendered":"","protected":false},"excerpt":{"rendered":"","protected":false},"author":20,"featured_media":7407,"parent":0,"menu_order":0,"comment_status":"closed","ping_status":"closed","template":"","meta":{"_acf_changed":false,"footnotes":""},"class_list":["post-6741","page","type-page","status-publish","has-post-thumbnail","hentry"],"acf":{"header_section":{"heading":"Careers","sub_heading":"Shape the future of infrastructure and engineering with us"},"our_people_section":{"title":"<span><span>Nuestro<\/span> <span>personas<\/span><\/span> <span><span>son<\/span> <span>nuestro<\/span> <span style=\"color: #f36f2b\">m\u00e1s fuerte<\/span> <span style=\"color: #f36f2b\">pilar<\/span><\/span>","description":"Nos encontramos en una trayectoria de expansi\u00f3n continua, tanto en Australia como a nivel mundial. Invitamos a ingenieros con una visi\u00f3n compartida a unirse a nuestro viaje. Nuestra gente es nuestro pilar m\u00e1s importante. Formar parte de nuestro equipo significa unirse a un grupo de expertos en ingenier\u00eda estrechamente conectados que se apoyan mutuamente en cada proyecto.","button_name":"OPEN ROLES","button_link":{"title":"Carreras","url":"https:\/\/staging.case.international\/available-positions\/","target":""}},"who_we_are_section":{"title":"Qui\u00e9n nosotros <span>son<\/span>","description":"Nos enorgullecemos de ser un colectivo familiar y liderado por la ingenier\u00eda, que facilita importantes proyectos de infraestructura en todo el mundo. Conocidos por nuestra capacidad para impulsar proyectos estancados y gestionar iniciativas complejas a gran escala, adaptamos nuestras soluciones para satisfacer las diversas necesidades de nuestros clientes en diferentes regiones del mundo. Siempre disponibles cuando nos necesita, nos hemos ganado una s\u00f3lida reputaci\u00f3n gracias a nuestra experiencia t\u00e9cnica y enfoque colaborativo, lo que nos convierte en un socio confiable en momentos de alta demanda y cargas de trabajo fluctuantes. Dentro del Grupo CaSE, ofrecemos cinco \u00e1reas de pr\u00e1ctica especializadas:","image":7247},"our_vision":{"title":"Nuestro <span>Visi\u00f3n<\/span>","description":"Empoderar a nuestros socios para dar forma al futuro, innovar continuamente y fomentar colaboraciones que dejen un legado duradero en el \u00e1mbito de la infraestructura.","first_image":6783,"first_image_copy":7281},"our_people":{"title":"Nuestro <span>Personas<\/span>","description":"La competencia y la resiliencia de nuestro equipo son la base del legado que estamos construyendo. Cada persona desempe\u00f1a un papel esencial y no es solo una cara entre la multitud, sino un elemento clave de nuestro \u00e9xito compartido. Todos nuestros ingenieros de CaSE disfrutan de la emoci\u00f3n de resolver problemas complejos en algunos de los proyectos de infraestructura m\u00e1s grandes del mundo, y sabemos que usted tambi\u00e9n. Visite nuestra p\u00e1gina de Equipo para obtener m\u00e1s informaci\u00f3n sobre el equipo al que se unir\u00e1 al equipo de CaSE.","first_image":7405,"second_image":7291,"button_name":"Learn more","button_link":{"title":"Nuestra gente","url":"https:\/\/staging.case.international\/team","target":""}},"our_culture":{"title":"Nuestro <span>Cultura<\/span>","description":"Abordamos proyectos l\u00edderes en la industria con un equipo de profesionales que dejan una huella duradera en sus proyectos y colegas. Nuestro equipo se nutre de una cultura basada en la admiraci\u00f3n y la cooperaci\u00f3n colectivas, garantizando la colaboraci\u00f3n de todos para lograr resultados inigualables tanto para colegas como para socios. Tambi\u00e9n nos encanta dedicar tiempo a celebrar el \u00e9xito de nuestros clientes y nuestro equipo.","first_image":7251,"second_image":7250},"our_projects":{"title":"Nuestro <span>Proyectos<\/span>","description":"Ya sea dise\u00f1o, construcci\u00f3n o gesti\u00f3n del tr\u00e1fico, CaSE ofrece experiencia y soporte inigualables en cada etapa del ciclo de vida del proyecto en diversos sectores, como puentes, ferrocarriles, carreteras, t\u00faneles y aeropuertos. Nos especializamos en resolver los problemas m\u00e1s complejos cuando otros no pueden, lo que nos convierte en un socio confiable en momentos de alta demanda y cargas de trabajo fluctuantes. Visite nuestra p\u00e1gina de Proyectos aqu\u00ed para obtener m\u00e1s informaci\u00f3n sobre los tipos de proyectos en los que trabajar\u00e1 al unirse al equipo de CaSE.","first_image":7121,"project_second_image":7282,"button_name":"Learn more","button_link":{"title":"Archivo de proyectos","url":"https:\/\/staging.case.international\/projects\/","target":""}},"our_benefit":{"title":"<span><span style=\"color: #fff\">Nuestro<\/span><\/span> <span><span style=\"color: #f36f2b\">Beneficios<\/span><\/span>","content":"Nuestro compromiso con el \u00e9xito se extiende mucho m\u00e1s all\u00e1 de los logros del proyecto: se encuentra en el coraz\u00f3n de nuestra inversi\u00f3n en las personas. Desde iniciativas de tutor\u00eda hasta oportunidades de aprendizaje continuo, apoyo a la salud mental y medidas proactivas para abordar los desaf\u00edos econ\u00f3micos, nuestro enfoque en nuestro equipo constituye la piedra angular de la experiencia CaSE. Visita nuestra p\u00e1gina de beneficios y conoce m\u00e1s sobre nuestras iniciativas.","button_name":"LEARN MORE","button_link":{"title":"Beneficios","url":"https:\/\/staging.case.international\/benefits\/","target":""}},"work_at_case":{"title":"<span><span style=\"color: #fff\">Trabajar<\/span><\/span> <span><span style=\"color: #f36f2b\">en<\/span> <span style=\"color: #f36f2b\">Caso<\/span><\/span>","content":"En CaSE, la diversidad no s\u00f3lo se acoge; se celebra. Como empleador que ofrece igualdad de oportunidades, celebramos las diferencias y reconocemos las contribuciones \u00fanicas de nuestra fuerza laboral global con m\u00e1s de 20 nacionalidades. Nuestro compromiso se extiende m\u00e1s all\u00e1 de la ret\u00f3rica y abarca iniciativas estrat\u00e9gicas, desde contrataci\u00f3n imparcial hasta programas educativos personalizados y dise\u00f1ados. Nuestro equipo conectado se mantiene a la vanguardia a trav\u00e9s de actualizaciones trimestrales, eventos de la industria y asociaciones estrat\u00e9gicas para garantizar el crecimiento profesional en un panorama de ingenier\u00eda en constante evoluci\u00f3n.","button_nmae":"LEARN MORE","button_link":{"title":"El Grupo Case","url":"https:\/\/staging.case.international\/the-case-group\/","target":""}}},"_links":{"self":[{"href":"https:\/\/staging.case.international\/es\/wp-json\/wp\/v2\/pages\/6741","targetHints":{"allow":["GET"]}}],"collection":[{"href":"https:\/\/staging.case.international\/es\/wp-json\/wp\/v2\/pages"}],"about":[{"href":"https:\/\/staging.case.international\/es\/wp-json\/wp\/v2\/types\/page"}],"author":[{"embeddable":true,"href":"https:\/\/staging.case.international\/es\/wp-json\/wp\/v2\/users\/20"}],"replies":[{"embeddable":true,"href":"https:\/\/staging.case.international\/es\/wp-json\/wp\/v2\/comments?post=6741"}],"version-history":[{"count":95,"href":"https:\/\/staging.case.international\/es\/wp-json\/wp\/v2\/pages\/6741\/revisions"}],"predecessor-version":[{"id":8703,"href":"https:\/\/staging.case.international\/es\/wp-json\/wp\/v2\/pages\/6741\/revisions\/8703"}],"wp:featuredmedia":[{"embeddable":true,"href":"https:\/\/staging.case.international\/es\/wp-json\/wp\/v2\/media\/7407"}],"wp:attachment":[{"href":"https:\/\/staging.case.international\/es\/wp-json\/wp\/v2\/media?parent=6741"}],"curies":[{"name":"gracias","href":"https:\/\/api.w.org\/{rel}","templated":true}]}}